{"id":217,"date":"2020-05-12T03:43:03","date_gmt":"2020-05-12T03:43:03","guid":{"rendered":"https:\/\/chezjulie.ca\/?page_id=217"},"modified":"2023-03-08T19:42:41","modified_gmt":"2023-03-08T19:42:41","slug":"accueil","status":"publish","type":"page","link":"https:\/\/chezjulie.ca\/","title":{"rendered":"Accueil"},"content":{"rendered":"\n<div class=\"wp-block-uagb-container uagb-block-c991a624 alignfull uagb-is-root-container\"><div class=\"uagb-container-inner-blocks-wrap\">\n<div class=\"wp-block-uagb-info-box uagb-block-5d24e826 uagb-infobox__content-wrap  uagb-infobox-icon-above-title uagb-infobox-image-valign-top\"><div class=\"uagb-ifb-content\"><div class=\"uagb-ifb-title-wrap\"><h1 class=\"uagb-ifb-title\">Restaurant &amp; boutique<\/h1><\/div><p class=\"uagb-ifb-desc\">Chez Julie a maintenant sa propre boutique o\u00f9 l&rsquo;on peut trouver les produits du restaurant <br>en plus d&rsquo;une vari\u00e9t\u00e9 de produits de la C\u00f4te-Nord. <\/p><\/div><\/div>\n\n\n\n<div class=\"wp-block-uagb-buttons uagb-buttons__outer-wrap uagb-btn__default-btn uagb-btn-tablet__default-btn uagb-btn-mobile__default-btn uagb-block-047cef53\"><div class=\"uagb-buttons__wrap uagb-buttons-layout-wrap\">\n<div class=\"wp-block-uagb-buttons-child uagb-buttons__outer-wrap uagb-block-538a7314 wp-block-button is-style-outline\" id=\"restaurant\"><div class=\"uagb-button__wrapper\"><a class=\"uagb-buttons-repeater wp-block-button__link has-background has-text-color\" href=\"https:\/\/chezjulie.ca\/?page_id=1665\" onclick=\"return true;\" rel=\"follow noopener\" target=\"_self\"><div class=\"uagb-button__link\">Restaurant<\/div><\/a><\/div><\/div>\n\n\n\n<div class=\"wp-block-uagb-buttons-child uagb-buttons__outer-wrap uagb-block-d159de63 wp-block-button is-style-outline\" id=\"boutique\"><div class=\"uagb-button__wrapper\"><a class=\"uagb-buttons-repeater wp-block-button__link has-background has-text-color\" href=\"https:\/\/chezjulie.ca\/?page_id=1490\" onclick=\"return true;\" rel=\"follow noopener\" target=\"_self\"><div class=\"uagb-button__link\">Boutique<\/div><\/a><\/div><\/div>\n<\/div><\/div>\n<\/div><\/div>\n\n\n\n<div class=\"wp-block-uagb-container uagb-block-16158ddc alignfull uagb-is-root-container\"><div class=\"uagb-container-inner-blocks-wrap\">\n<div class=\"wp-block-uagb-container uagb-block-4297534b\">\n<div class=\"wp-block-uagb-advanced-heading uagb-block-5ceeef76\"><h2 class=\"uagb-heading-text\">La C\u00f4te-Nord \u00e0 offrir ou \u00e0 manger ?\u200b<\/h2><\/div>\n<\/div>\n<\/div><\/div>\n\n\n\n<div class=\"wp-block-uagb-container uag-hide-mob uagb-block-bf017d0f alignfull uagb-is-root-container\"><div class=\"uagb-container-inner-blocks-wrap\">\n<p class=\"has-text-align-center has-ast-global-color-5-color has-text-color has-montserrat-font-family has-custom-font has-custom-weight\" style=\"font-family:Montserrat;font-weight:400\">Vous pouvez maintenant commander en ligne au restaurant Chez Julie. <\/p>\n\n\n\n<div class=\"wp-block-buttons is-content-justification-center is-layout-flex wp-container-core-buttons-is-layout-a89b3969 wp-block-buttons-is-layout-flex\">\n<div class=\"wp-block-button is-style-fill\"><a class=\"wp-block-button__link wp-element-button\" href=\"https:\/\/na1-web.ishopfood.com\/#\/chez-julie\" style=\"padding-top:var(--wp--preset--spacing--40);padding-right:var(--wp--preset--spacing--40);padding-bottom:var(--wp--preset--spacing--40);padding-left:var(--wp--preset--spacing--40)\" target=\"_blank\" rel=\"noreferrer noopener\">Commander ici<\/a><\/div>\n<\/div>\n<\/div><\/div>\n","protected":false},"excerpt":{"rendered":"<p>La C\u00f4te-Nord \u00e0 offrir ou \u00e0 manger ?\u200b Vous pouvez maintenant commander en ligne au restaurant Chez Julie.<\/p>\n","protected":false},"author":2,"featured_media":0,"parent":1490,"menu_order":0,"comment_status":"closed","ping_status":"closed","template":"","meta":{"_coblocks_attr":"Montserrat","_coblocks_dimensions":"","_coblocks_responsive_height":"","_coblocks_accordion_ie_support":"","_uag_custom_page_level_css":"","site-sidebar-layout":"default","site-content-layout":"plain-container","ast-site-content-layout":"default","site-content-style":"default","site-sidebar-style":"default","ast-global-header-display":"","ast-banner-title-visibility":"","ast-main-header-display":"","ast-hfb-above-header-display":"","ast-hfb-below-header-display":"","ast-hfb-mobile-header-display":"","site-post-title":"disabled","ast-breadcrumbs-content":"","ast-featured-img":"disabled","footer-sml-layout":"","ast-disable-related-posts":"","theme-transparent-header-meta":"default","adv-header-id-meta":"","stick-header-meta":"","header-above-stick-meta":"","header-main-stick-meta":"","header-below-stick-meta":"","astra-migrate-meta-layouts":"default","ast-page-background-enabled":"default","ast-page-background-meta":{"desktop":{"background-color":"","background-image":"","background-repeat":"repeat","background-position":"center center","background-size":"auto","background-attachment":"scroll","background-type":"","background-media":"","overlay-type":"","overlay-color":"","overlay-opacity":"","overlay-gradient":""},"tablet":{"background-color":"","background-image":"","background-repeat":"repeat","background-position":"center center","background-size":"auto","background-attachment":"scroll","background-type":"","background-media":"","overlay-type":"","overlay-color":"","overlay-opacity":"","overlay-gradient":""},"mobile":{"background-color":"","background-image":"","background-repeat":"repeat","background-position":"center center","background-size":"auto","background-attachment":"scroll","background-type":"","background-media":"","overlay-type":"","overlay-color":"","overlay-opacity":"","overlay-gradient":""}},"ast-content-background-meta":{"desktop":{"background-color":"var(--ast-global-color-5)","background-image":"","background-repeat":"repeat","background-position":"center center","background-size":"auto","background-attachment":"scroll","background-type":"","background-media":"","overlay-type":"","overlay-color":"","overlay-opacity":"","overlay-gradient":""},"tablet":{"background-color":"var(--ast-global-color-5)","background-image":"","background-repeat":"repeat","background-position":"center center","background-size":"auto","background-attachment":"scroll","background-type":"","background-media":"","overlay-type":"","overlay-color":"","overlay-opacity":"","overlay-gradient":""},"mobile":{"background-color":"var(--ast-global-color-5)","background-image":"","background-repeat":"repeat","background-position":"center center","background-size":"auto","background-attachment":"scroll","background-type":"","background-media":"","overlay-type":"","overlay-color":"","overlay-opacity":"","overlay-gradient":""}},"footnotes":""},"class_list":["post-217","page","type-page","status-publish","hentry"],"uagb_featured_image_src":{"full":false,"thumbnail":false,"medium":false,"medium_large":false,"large":false,"1536x1536":false,"2048x2048":false},"uagb_author_info":{"display_name":"Jessica Vigneault","author_link":"https:\/\/chezjulie.ca\/?author=2"},"uagb_comment_info":0,"uagb_excerpt":"La C\u00f4te-Nord \u00e0 offrir ou \u00e0 manger ?\u200b Vous pouvez maintenant commander en ligne au restaurant Chez Julie.","_links":{"self":[{"href":"https:\/\/chezjulie.ca\/index.php?rest_route=\/wp\/v2\/pages\/217","targetHints":{"allow":["GET"]}}],"collection":[{"href":"https:\/\/chezjulie.ca\/index.php?rest_route=\/wp\/v2\/pages"}],"about":[{"href":"https:\/\/chezjulie.ca\/index.php?rest_route=\/wp\/v2\/types\/page"}],"author":[{"embeddable":true,"href":"https:\/\/chezjulie.ca\/index.php?rest_route=\/wp\/v2\/users\/2"}],"replies":[{"embeddable":true,"href":"https:\/\/chezjulie.ca\/index.php?rest_route=%2Fwp%2Fv2%2Fcomments&post=217"}],"version-history":[{"count":53,"href":"https:\/\/chezjulie.ca\/index.php?rest_route=\/wp\/v2\/pages\/217\/revisions"}],"predecessor-version":[{"id":2065,"href":"https:\/\/chezjulie.ca\/index.php?rest_route=\/wp\/v2\/pages\/217\/revisions\/2065"}],"up":[{"embeddable":true,"href":"https:\/\/chezjulie.ca\/index.php?rest_route=\/wp\/v2\/pages\/1490"}],"wp:attachment":[{"href":"https:\/\/chezjulie.ca\/index.php?rest_route=%2Fwp%2Fv2%2Fmedia&parent=217"}],"curies":[{"name":"wp","href":"https:\/\/api.w.org\/{rel}","templated":true}]}}