{"id":1490,"date":"2023-02-07T21:15:55","date_gmt":"2023-02-07T21:15:55","guid":{"rendered":"https:\/\/chezjulie.ca\/?page_id=1490"},"modified":"2023-02-28T18:16:22","modified_gmt":"2023-02-28T18:16:22","slug":"boutique","status":"publish","type":"page","link":"https:\/\/chezjulie.ca\/?page_id=1490","title":{"rendered":"Boutique"},"content":{"rendered":"\n<div class=\"wp-block-uagb-image aligncenter uagb-block-dd1a99cc wp-block-uagb-image--layout-default wp-block-uagb-image--effect-static wp-block-uagb-image--align-center\"><figure class=\"wp-block-uagb-image__figure\"><img decoding=\"async\" srcset=\"https:\/\/chezjulie.ca\/wp-content\/uploads\/2023\/02\/Logo_Boutique.du_.Terroir_CE0019-01-1024x512.png \" src=\"https:\/\/chezjulie.ca\/wp-content\/uploads\/2023\/02\/Logo_Boutique.du_.Terroir_CE0019-01-1024x512.png\" alt=\"\" class=\"uag-image-2026\" width=\"524\" height=\"262\" title=\"\" loading=\"lazy\"\/><\/figure><\/div>\n\n\n\n<div class=\"wp-block-uagb-container uagb-block-83dd8cfa alignfull uagb-is-root-container\"><div class=\"uagb-container-inner-blocks-wrap\">\n<div class=\"wp-block-uagb-container uagb-block-30e0306f\">\n<div class=\"wp-block-uagb-info-box uagb-block-37f5c325 uagb-infobox__content-wrap  uagb-infobox-icon-above-title uagb-infobox-image-valign-top\"><div class=\"uagb-ifb-content\"><div class=\"uagb-ifb-title-wrap\"><\/div><p class=\"uagb-ifb-desc\"><strong>Chez Julie Boutique du terroir<\/strong>, <br>c\u2019est l\u2019endroit par excellence o\u00f9 les saveurs de la C\u00f4te-Nord se rencontrent. <\/p><\/div><\/div>\n\n\n\n<div class=\"wp-block-uagb-info-box uagb-block-773080c0 uagb-infobox__content-wrap  uagb-infobox-icon-above-title uagb-infobox-image-valign-top\"><div class=\"uagb-ifb-content\"><div class=\"uagb-ifb-image-content\"><img decoding=\"async\" src=\"https:\/\/chezjulie.ca\/wp-content\/uploads\/2023\/02\/DSC05391.jpg\" alt=\"\" width=\"100\" height=\"56\" loading=\"lazy\"\/><\/div><div class=\"uagb-ifb-title-wrap\"><h5 class=\"uagb-ifb-title\"><strong>Ouvert pendant la saison touristique<\/strong><\/h5><\/div><p class=\"uagb-ifb-desc\">De mai \u00e0 octobre<\/p><\/div><\/div>\n\n\n\n<div class=\"wp-block-uagb-info-box uagb-block-88239f82 uagb-infobox__content-wrap  uagb-infobox-icon-above-title uagb-infobox-image-valign-top\"><div class=\"uagb-ifb-content\"><div class=\"uagb-ifb-image-content\"><img decoding=\"async\" src=\"https:\/\/chezjulie.ca\/wp-content\/uploads\/2023\/02\/DSC05410-e1675799704500.jpg\" alt=\"\" width=\"100\" height=\"61\" loading=\"lazy\"\/><\/div><div class=\"uagb-ifb-title-wrap\"><h5 class=\"uagb-ifb-title\"><strong>Caf\u00e9 \/ Boutique<\/strong><\/h5><\/div><p class=\"uagb-ifb-desc\">Nous servons aussi <strong>le caf\u00e9 du Manoir de Baie-Comeau<\/strong> ainsi que d&rsquo;autres breuvages chauds ou froids. <\/p><\/div><\/div>\n<\/div>\n\n\n\n<div class=\"wp-block-uagb-container uagb-block-30527692\">\n<div class=\"wp-block-uagb-info-box uagb-block-2811a822 uagb-infobox__content-wrap  uagb-infobox-icon-above-title uagb-infobox-image-valign-top\"><div class=\"uagb-ifb-content\"><div class=\"uagb-ifb-image-content\"><img decoding=\"async\" src=\"https:\/\/chezjulie.ca\/wp-content\/uploads\/2023\/02\/DSC05401.jpg\" alt=\"\" width=\"100\" height=\"56\" loading=\"lazy\"\/><\/div><div class=\"uagb-ifb-title-wrap\"><h5 class=\"uagb-ifb-title\"><strong>Terrasse face \u00e0 la mer <\/strong><\/h5><\/div><p class=\"uagb-ifb-desc\">Venez prendre une pause sur notre terrasse avec vue sur la mer, en savourant un bon caf\u00e9 accompagn\u00e9 d\u2019un muffin maison aux petits fruits d\u2019ici.<\/p><\/div><\/div>\n\n\n\n<div class=\"wp-block-uagb-info-box uagb-block-1938d7fb uagb-infobox__content-wrap  uagb-infobox-icon-above-title uagb-infobox-image-valign-top\"><div class=\"uagb-ifb-content\"><div class=\"uagb-ifb-image-content\"><img decoding=\"async\" src=\"https:\/\/chezjulie.ca\/wp-content\/uploads\/2023\/02\/DSC05412.jpg\" alt=\"\" width=\"100\" height=\"56\" loading=\"lazy\"\/><\/div><div class=\"uagb-ifb-title-wrap\"><h5 class=\"uagb-ifb-title\"><strong>Produits de la C\u00f4te-Nord<\/strong><\/h5><\/div><p class=\"uagb-ifb-desc\">De Tadoussac \u00e0 Blanc-Sablon, la r\u00e9gion regorge de d\u00e9licieux tr\u00e9sors que vous pourrez d\u00e9couvrir \u00e0 notre petite boutique. <\/p><\/div><\/div>\n<\/div>\n<\/div><\/div>\n","protected":false},"excerpt":{"rendered":"","protected":false},"author":2,"featured_media":0,"parent":0,"menu_order":0,"comment_status":"closed","ping_status":"closed","template":"","meta":{"_coblocks_attr":"","_coblocks_dimensions":"","_coblocks_responsive_height":"","_coblocks_accordion_ie_support":"","_uag_custom_page_level_css":"","site-sidebar-layout":"default","site-content-layout":"default","ast-site-content-layout":"default","site-content-style":"default","site-sidebar-style":"default","ast-global-header-display":"","ast-banner-title-visibility":"","ast-main-header-display":"","ast-hfb-above-header-display":"","ast-hfb-below-header-display":"","ast-hfb-mobile-header-display":"","site-post-title":"disabled","ast-breadcrumbs-content":"","ast-featured-img":"","footer-sml-layout":"","ast-disable-related-posts":"","theme-transparent-header-meta":"disabled","adv-header-id-meta":"","stick-header-meta":"","header-above-stick-meta":"","header-main-stick-meta":"","header-below-stick-meta":"","astra-migrate-meta-layouts":"default","ast-page-background-enabled":"default","ast-page-background-meta":{"desktop":{"background-color":"","background-image":"","background-repeat":"repeat","background-position":"center center","background-size":"auto","background-attachment":"scroll","background-type":"","background-media":"","overlay-type":"","overlay-color":"","overlay-opacity":"","overlay-gradient":""},"tablet":{"background-color":"","background-image":"","background-repeat":"repeat","background-position":"center center","background-size":"auto","background-attachment":"scroll","background-type":"","background-media":"","overlay-type":"","overlay-color":"","overlay-opacity":"","overlay-gradient":""},"mobile":{"background-color":"","background-image":"","background-repeat":"repeat","background-position":"center center","background-size":"auto","background-attachment":"scroll","background-type":"","background-media":"","overlay-type":"","overlay-color":"","overlay-opacity":"","overlay-gradient":""}},"ast-content-background-meta":{"desktop":{"background-color":"var(--ast-global-color-5)","background-image":"","background-repeat":"repeat","background-position":"center center","background-size":"auto","background-attachment":"scroll","background-type":"","background-media":"","overlay-type":"","overlay-color":"","overlay-opacity":"","overlay-gradient":""},"tablet":{"background-color":"var(--ast-global-color-5)","background-image":"","background-repeat":"repeat","background-position":"center center","background-size":"auto","background-attachment":"scroll","background-type":"","background-media":"","overlay-type":"","overlay-color":"","overlay-opacity":"","overlay-gradient":""},"mobile":{"background-color":"var(--ast-global-color-5)","background-image":"","background-repeat":"repeat","background-position":"center center","background-size":"auto","background-attachment":"scroll","background-type":"","background-media":"","overlay-type":"","overlay-color":"","overlay-opacity":"","overlay-gradient":""}},"footnotes":""},"class_list":["post-1490","page","type-page","status-publish","hentry"],"uagb_featured_image_src":{"full":false,"thumbnail":false,"medium":false,"medium_large":false,"large":false,"1536x1536":false,"2048x2048":false},"uagb_author_info":{"display_name":"Jessica Vigneault","author_link":"https:\/\/chezjulie.ca\/?author=2"},"uagb_comment_info":0,"uagb_excerpt":null,"_links":{"self":[{"href":"https:\/\/chezjulie.ca\/index.php?rest_route=\/wp\/v2\/pages\/1490","targetHints":{"allow":["GET"]}}],"collection":[{"href":"https:\/\/chezjulie.ca\/index.php?rest_route=\/wp\/v2\/pages"}],"about":[{"href":"https:\/\/chezjulie.ca\/index.php?rest_route=\/wp\/v2\/types\/page"}],"author":[{"embeddable":true,"href":"https:\/\/chezjulie.ca\/index.php?rest_route=\/wp\/v2\/users\/2"}],"replies":[{"embeddable":true,"href":"https:\/\/chezjulie.ca\/index.php?rest_route=%2Fwp%2Fv2%2Fcomments&post=1490"}],"version-history":[{"count":16,"href":"https:\/\/chezjulie.ca\/index.php?rest_route=\/wp\/v2\/pages\/1490\/revisions"}],"predecessor-version":[{"id":2027,"href":"https:\/\/chezjulie.ca\/index.php?rest_route=\/wp\/v2\/pages\/1490\/revisions\/2027"}],"wp:attachment":[{"href":"https:\/\/chezjulie.ca\/index.php?rest_route=%2Fwp%2Fv2%2Fmedia&parent=1490"}],"curies":[{"name":"wp","href":"https:\/\/api.w.org\/{rel}","templated":true}]}}